{"id":3014,"date":"2025-06-06T08:33:06","date_gmt":"2025-06-06T06:33:06","guid":{"rendered":"https:\/\/grosnoyer.com\/?page_id=3014"},"modified":"2026-02-02T09:15:04","modified_gmt":"2026-02-02T08:15:04","slug":"juridische-kennisgevingen","status":"publish","type":"page","link":"https:\/\/gros-noyer.com\/nl\/juridische-kennisgevingen\/","title":{"rendered":"Juridische mededelingen"},"content":{"rendered":"<p><\/p>\n\n\n\n<p>Overeenkomstig de bepalingen van de artikelen 6-III en 19 van Wet nr. 2004-575 van 21 juni 2004 betreffende het vertrouwen in de digitale economie, bekend als LCEN, worden gebruikers van de site hierbij ge\u00efnformeerd over de volgende wettelijke mededelingen.<br><br>Door verbinding te maken met en te browsen op de website van La Ferme du Gros Noyer (www.gros-noyer.com) accepteert de gebruiker deze juridische kennisgevingen volledig en onvoorwaardelijk.<br><br>Deze zijn toegankelijk op de site onder de sectie \u2018Juridische kennisgevingen\u2019.<\/p>\n\n\n\n<h2 class=\"wp-block-heading\">ARTIKEL 1: Identificatie van de uitgever van de website www.gros-noyer.com<\/h2>\n\n\n\n<p>De redactie en publicatie van de website www.gros-noyer.com worden verzorgd door de vertegenwoordiger zoals hieronder beschreven:<\/p>\n\n\n\n<p><strong>LA FERME DU GROS NOYER<\/strong><br>MARTZLOFF Sophie<br>Beaumontweg<br>84340 Malauc\u00e8ne<br>Frankrijk<\/p>\n\n\n\n<p>Telefoon: +33(0)4 86 04 98 60<\/p>\n\n\n\n<p>SIRET: 44323213700010<\/p>\n\n\n\n<h2 class=\"wp-block-heading\">ARTIKEL 2: Identificatie van de websitehost voor www.gros-noyer.com<\/h2>\n\n\n\n<p>De website www.gros-noyer.com wordt gehost door OVH SA, zoals hieronder beschreven:<\/p>\n\n\n\n<p><strong>OVH<\/strong><br>SAS met een kapitaal van \u20ac 10.069.020<br>RCS Lille M\u00e9tropole 424 761 419 00045<br>APE-code 2620Z<br>BTW-nummer: FR 22 424 761 419<br>Hoofdkantoor: 2 rue Kellermann \u2013 59100 Roubaix \u2013 Frankrijk<\/p>\n\n\n\n<h2 class=\"wp-block-heading\">ARTIKEL 3: Toegang tot de website www.gros-noyer.com<\/h2>\n\n\n\n<p>De site is toegankelijk vanaf iedere locatie, 7 dagen per week, 24 uur per dag, behalve in gevallen van overmacht, geplande of ongeplande onderbrekingen en onderbrekingen die kunnen voortvloeien uit de noodzaak van onderhoud.<\/p>\n\n\n\n<p>In geval van wijziging, onderbreking of opschorting van diensten kan de website www.gros-noyer.com niet aansprakelijk worden gesteld.<\/p>\n\n\n\n<h2 class=\"wp-block-heading\">ARTIKEL 4: Gegevensverzameling<\/h2>\n\n\n\n<p>De site verzekert de Gebruiker dat de persoonlijke gegevens worden verzameld en verwerkt met inachtneming van de privacy overeenkomstig Wet nr. 78-17 van 6 januari 1978 betreffende de informatica, bestanden en vrijheden.<\/p>\n\n\n\n<p>Krachtens de Wet Bescherming Persoonsgegevens van 6 januari 1978 heeft de Gebruiker recht op toegang, rectificatie, verwijdering en verzet tegen het gebruik van zijn persoonsgegevens. De Gebruiker kan dit recht uitoefenen door een e-mail te sturen naar het volgende adres: <a href=\"mailto:contact@gros-noyer.com\">contact@gros-noyer.com<\/a>.<\/p>\n\n\n\n<p><\/p>\n\n\n\n<h2 class=\"wp-block-heading\">ARTIKEL 5: Cookies<\/h2>\n\n\n\n<p>De Gebruiker wordt ge\u00efnformeerd dat bij zijn bezoek aan de site automatisch een cookie kan worden ge\u00efnstalleerd op zijn browsersoftware.<\/p>\n\n\n\n<p>Door de site te bekijken, gaat u hiermee akkoord.<\/p>\n\n\n\n<p>Een cookie is een element waarmee de gebruiker niet kan worden ge\u00efdentificeerd, maar dat wordt gebruikt om informatie vast te leggen over de navigatie van de gebruiker op de website. De gebruiker kan deze cookie uitschakelen via de instellingen van zijn browsersoftware.<\/p>\n\n\n\n<h2 class=\"wp-block-heading\">ARTIKEL 6: Intellectuele eigendom<\/h2>\n\n\n\n<p>Elk gebruik, reproductie, verspreiding, commercialisering of wijziging van de website www.gros-noyer.com, geheel of gedeeltelijk, zonder toestemming van de uitgever, is verboden en kan leiden tot juridische stappen en vervolging, met name zoals bepaald in het Wetboek van Intellectuele Eigendom en het Burgerlijk Wetboek.<\/p>\n\n\n\n<h2 class=\"wp-block-heading\">ARTIKEL 7: Aansprakelijkheid<\/h2>\n\n\n\n<p>De hyperlinks op de website www.gros-noyer.com naar andere websites of online content kunnen de uitgever van de website www.gros-noyer.com niet aansprakelijk stellen.<\/p>\n\n\n\n<h2 class=\"wp-block-heading\">ARTIKEL 8: Bijwerken van wettelijke mededelingen<\/h2>\n\n\n\n<p>La Ferme du Gros Noyer behoudt zich het recht voor deze juridische informatie te allen tijde en zonder voorafgaande kennisgeving aan bezoekers bij te werken, afhankelijk van wijzigingen in de website-inhoud en de toepasselijke regelgeving.<\/p>\n\n\n\n<p><\/p>","protected":false},"excerpt":{"rendered":"<p>Conform\u00e9ment aux dispositions des Articles 6-III et 19 de la Loi n\u00b02004-575 du 21 juin 2004 pour la Confiance dans l\u2019\u00e9conomie num\u00e9rique, dite L.C.E.N., il est port\u00e9 \u00e0 la connaissance des Utilisateurs du site les pr\u00e9sentes mentions l\u00e9gales. La connexion et la navigation sur le site La Ferme du Gros Noyer (www.gros-noyer.com) par l\u2019Utilisateur implique [&hellip;]<\/p>\n","protected":false},"author":1,"featured_media":0,"parent":0,"menu_order":0,"comment_status":"closed","ping_status":"closed","template":"","meta":{"inline_featured_image":false,"footnotes":""},"class_list":["post-3014","page","type-page","status-publish","hentry"],"jetpack_sharing_enabled":true,"_links":{"self":[{"href":"https:\/\/gros-noyer.com\/nl\/wp-json\/wp\/v2\/pages\/3014","targetHints":{"allow":["GET"]}}],"collection":[{"href":"https:\/\/gros-noyer.com\/nl\/wp-json\/wp\/v2\/pages"}],"about":[{"href":"https:\/\/gros-noyer.com\/nl\/wp-json\/wp\/v2\/types\/page"}],"author":[{"embeddable":true,"href":"https:\/\/gros-noyer.com\/nl\/wp-json\/wp\/v2\/users\/1"}],"replies":[{"embeddable":true,"href":"https:\/\/gros-noyer.com\/nl\/wp-json\/wp\/v2\/comments?post=3014"}],"version-history":[{"count":5,"href":"https:\/\/gros-noyer.com\/nl\/wp-json\/wp\/v2\/pages\/3014\/revisions"}],"predecessor-version":[{"id":4677,"href":"https:\/\/gros-noyer.com\/nl\/wp-json\/wp\/v2\/pages\/3014\/revisions\/4677"}],"wp:attachment":[{"href":"https:\/\/gros-noyer.com\/nl\/wp-json\/wp\/v2\/media?parent=3014"}],"curies":[{"name":"wp","href":"https:\/\/api.w.org\/{rel}","templated":true}]}}