{"id":3014,"date":"2025-06-06T08:33:06","date_gmt":"2025-06-06T06:33:06","guid":{"rendered":"https:\/\/grosnoyer.com\/?page_id=3014"},"modified":"2026-02-02T09:15:04","modified_gmt":"2026-02-02T08:15:04","slug":"legal-notices","status":"publish","type":"page","link":"https:\/\/gros-noyer.com\/en\/legal-notices\/","title":{"rendered":"Legal notices"},"content":{"rendered":"<p><\/p>\n\n\n\n<p>In accordance with the provisions of Articles 6-III and 19 of Law No. 2004-575 of June 21, 2004 on Confidence in the Digital Economy, known as LCEN, Users of the site are hereby informed of the following legal notices.<br><br>Connecting to and browsing the La Ferme du Gros Noyer website (www.gros-noyer.com) by the User implies full and unreserved acceptance of these legal notices.<br><br>These are accessible on the site under the \u201cLegal Notices\u201d section.<\/p>\n\n\n\n<h2 class=\"wp-block-heading\">ARTICLE 1: Identification of the publisher of the website www.gros-noyer.com<\/h2>\n\n\n\n<p>The editing and publication management of the website www.gros-noyer.com are handled by its representative as detailed below:<\/p>\n\n\n\n<p><strong>LA FERME DU GROS NOYER<\/strong><br>MARTZLOFF Sophie<br>Beaumont Road<br>84340 Malauc\u00e8ne<br>France<\/p>\n\n\n\n<p>Tel.: +33(0)4 86 04 98 60<\/p>\n\n\n\n<p>SIRET: 44323213700010<\/p>\n\n\n\n<h2 class=\"wp-block-heading\">ARTICLE 2: Identification of the website host for www.gros-noyer.com<\/h2>\n\n\n\n<p>The website www.gros-noyer.com is hosted by OVH SA as detailed below:<\/p>\n\n\n\n<p><strong>OVH<\/strong><br>SAS with capital of \u20ac10,069,020<br>RCS Lille M\u00e9tropole 424 761 419 00045<br>APE Code 2620Z<br>VAT No.: FR 22 424 761 419<br>Head office: 2 rue Kellermann \u2013 59100 Roubaix \u2013 France<\/p>\n\n\n\n<h2 class=\"wp-block-heading\">ARTICLE 3: Access to the website www.gros-noyer.com<\/h2>\n\n\n\n<p>The site is accessible from any location, 7 days a week, 24 hours a day, except in cases of force majeure, scheduled or unscheduled interruptions and which may result from a need for maintenance.<\/p>\n\n\n\n<p>In the event of modification, interruption or suspension of services, the website www.gros-noyer.com cannot be held responsible.<\/p>\n\n\n\n<h2 class=\"wp-block-heading\">ARTICLE 4: Data collection<\/h2>\n\n\n\n<p>The site assures the User that personal information is collected and processed in accordance with privacy in accordance with Law No. 78-17 of January 6, 1978 relating to information technology, files and freedoms.<\/p>\n\n\n\n<p>Under the Data Protection Act of 6 January 1978, the User has the right to access, rectify, delete and oppose the use of their personal data. The User exercises this right by email at the following address: <a href=\"mailto:contact@gros-noyer.com\">contact@gros-noyer.com<\/a>.<\/p>\n\n\n\n<p><\/p>\n\n\n\n<h2 class=\"wp-block-heading\">ARTICLE 5: Cookies<\/h2>\n\n\n\n<p>The User is informed that during his visits to the site, a cookie may be automatically installed on his browser software.<\/p>\n\n\n\n<p>By browsing the site, you accept them.<\/p>\n\n\n\n<p>A cookie is an element that does not allow the User to be identified but is used to record information relating to the User&#039;s navigation on the website. The User may deactivate this cookie via the settings in their browser software.<\/p>\n\n\n\n<h2 class=\"wp-block-heading\">ARTICLE 6: Intellectual property<\/h2>\n\n\n\n<p>Any use, reproduction, distribution, marketing, modification of all or part of the website www.gros-noyer.com, without the Publisher&#039;s authorization, is prohibited and may lead to legal actions and prosecutions as provided for in particular by the Intellectual Property Code and the Civil Code.<\/p>\n\n\n\n<h2 class=\"wp-block-heading\">ARTICLE 7: Liability<\/h2>\n\n\n\n<p>The hypertext links present on the website www.gros-noyer.com to other websites or other online content cannot engage the responsibility of the Publisher of the website www.gros-noyer.com.<\/p>\n\n\n\n<h2 class=\"wp-block-heading\">ARTICLE 8: Updating of legal notices<\/h2>\n\n\n\n<p>La Ferme du Gros Noyer reserves the right to update this legal information at any time and without prior notification to visitors, depending on changes to the website content and applicable regulations.<\/p>\n\n\n\n<p><\/p>","protected":false},"excerpt":{"rendered":"<p>Conform\u00e9ment aux dispositions des Articles 6-III et 19 de la Loi n\u00b02004-575 du 21 juin 2004 pour la Confiance dans l\u2019\u00e9conomie num\u00e9rique, dite L.C.E.N., il est port\u00e9 \u00e0 la connaissance des Utilisateurs du site les pr\u00e9sentes mentions l\u00e9gales. La connexion et la navigation sur le site La Ferme du Gros Noyer (www.gros-noyer.com) par l\u2019Utilisateur implique [&hellip;]<\/p>\n","protected":false},"author":1,"featured_media":0,"parent":0,"menu_order":0,"comment_status":"closed","ping_status":"closed","template":"","meta":{"inline_featured_image":false,"footnotes":""},"class_list":["post-3014","page","type-page","status-publish","hentry"],"jetpack_sharing_enabled":true,"_links":{"self":[{"href":"https:\/\/gros-noyer.com\/en\/wp-json\/wp\/v2\/pages\/3014","targetHints":{"allow":["GET"]}}],"collection":[{"href":"https:\/\/gros-noyer.com\/en\/wp-json\/wp\/v2\/pages"}],"about":[{"href":"https:\/\/gros-noyer.com\/en\/wp-json\/wp\/v2\/types\/page"}],"author":[{"embeddable":true,"href":"https:\/\/gros-noyer.com\/en\/wp-json\/wp\/v2\/users\/1"}],"replies":[{"embeddable":true,"href":"https:\/\/gros-noyer.com\/en\/wp-json\/wp\/v2\/comments?post=3014"}],"version-history":[{"count":5,"href":"https:\/\/gros-noyer.com\/en\/wp-json\/wp\/v2\/pages\/3014\/revisions"}],"predecessor-version":[{"id":4677,"href":"https:\/\/gros-noyer.com\/en\/wp-json\/wp\/v2\/pages\/3014\/revisions\/4677"}],"wp:attachment":[{"href":"https:\/\/gros-noyer.com\/en\/wp-json\/wp\/v2\/media?parent=3014"}],"curies":[{"name":"wp","href":"https:\/\/api.w.org\/{rel}","templated":true}]}}